{"id":108,"date":"2013-04-15T01:21:40","date_gmt":"2013-04-15T01:21:40","guid":{"rendered":"http:\/\/chanellesheavenlytreasures.com\/chtwp\/?page_id=108"},"modified":"2015-01-01T22:18:03","modified_gmt":"2015-01-01T22:18:03","slug":"cakecupcakes","status":"publish","type":"page","link":"https:\/\/chanellesheavenlytreasures.com\/chtwp\/ourheavenlydesserts\/cakecupcakes\/","title":{"rendered":"Cakes &#038; Cupcakes"},"content":{"rendered":"<p>Our one-of-a-kind from SCRATCH gourmet cupcakes will liven up any party and create a great conversation starter. These delectable, fluffy, individual servings of cake can either be standard size, minis, or Jumbo size.<\/p>\n<p>Just like our cake truffles, our selection of flavors from Premiere to Seasonal for these confections are unique and bold.<\/p>\n<p style=\"text-align: center;\"><strong>Some of our flavors:<\/strong><\/p>\n<p style=\"text-align: center;\"><strong><span style=\"color: #ffcc00;\"><em>Signature<\/em> <\/span>PREMIERE FLAVORS<\/strong><\/p>\n<p align=\"center\"><b>Triple Chocolate<\/b><\/p>\n<p align=\"center\">Decadent chocolate cake filled with chocolate Ganache and topped with chocolate buttercream with a signature chocolate drizzle<\/p>\n<p align=\"center\"><b>French Vanilla<\/b><b><\/b><\/p>\n<p align=\"center\">French vanilla kissed cake topped with sweet French vanilla cream cheese frosting<\/p>\n<p align=\"center\"><b>Red Velvet\u00a0<\/b><b><\/b><\/p>\n<p align=\"center\">Authentic red velvet cake with our signature sweet cream cheese frosting sprinkled with red velvet cake crumbs<\/p>\n<p align=\"center\"><b>Hawaiian Carrot\u00a0<\/b><\/p>\n<p align=\"center\">Moist simple and sweet carrot cake with fresh pineapple chunks with our signature sweet cream cheese frosting and decorated with a single carrot<\/p>\n<p align=\"center\"><b>White Chocolate<\/b><\/p>\n<p align=\"center\">Rich white chocolate cake topped with white chocolate cream cheese frosting crushed white chocolate chips and a white chocolate drizzle<\/p>\n<p align=\"center\"><b>Marble\u00a0<\/b><b><\/b><\/p>\n<p align=\"center\">Signature swirl of decadent chocolate and French vanilla kissed cake topped with chocolate &amp; vanilla swirl buttercream<\/p>\n<p style=\"text-align: center;\"><b>DISTINCTIVE \u00a0FLAVORS<\/b><\/p>\n<p align=\"center\"><b>Peach Cobbler &#8211; <\/b><span style=\"color: #ffcc00;\"><strong><i>Signature<\/i><\/strong><\/span><b><\/b><\/p>\n<p align=\"center\">Fresh peaches sandwiched in between our moist cinnamon cake and topped with cinnamon buttercream, a bed of fresh peaches in the center, and a piece of pie crust. (Available in Regular Size Only)<\/p>\n<p align=\"center\"><b>Caramel Apple<\/b><\/p>\n<p align=\"center\">Our moist apple cinnamon cake filled with caramel, topped with cinnamon buttercream and garnished with a caramel drizzle<\/p>\n<p align=\"center\"><b>Cr\u00e8me Br\u00fbl\u00e9e &#8211; <\/b><span style=\"color: #ffcc00;\"><strong><i>Signature<\/i><\/strong><\/span><b><\/b><\/p>\n<p align=\"center\">Our French vanilla cake filled and topped with smooth and creamy cr\u00e8me Br\u00fbl\u00e9e finished with a thin layer of burnt sugar (also available in Chocolate, Lavender, and Cinnamon, available in Regular Size Only)<\/p>\n<p align=\"center\"><b>Sweet Potato &#8211; <\/b><span style=\"color: #ffcc00;\"><strong><i>Signature<\/i><\/strong><\/span><b><\/b><\/p>\n<p align=\"center\">Moist sweet potato cake infused with spices and topped with maple buttercream and a dusting of cinnamon<\/p>\n<p align=\"center\"><b>Chocolate Espresso &#8211; <\/b><span style=\"color: #ffcc00;\"><strong><i>Signature<\/i><\/strong><\/span><b><\/b><\/p>\n<p align=\"center\">Our decadent chocolate cake infused with traces of espresso, filled with an espresso Ganache and topped with Kahlua espresso buttercream<\/p>\n<p align=\"center\"><b>Salted Caramel<\/b><\/p>\n<p align=\"center\">Moist caramel cake filled and topped with salted caramel buttercream<\/p>\n<p align=\"center\"><b>White Chocolate Raspberry<\/b><\/p>\n<p align=\"center\">Our white chocolate cake willed with sweet raspberry filling topped with white chocolate buttercream and raspberry drizzle<\/p>\n<p align=\"center\"><b>Browned Butter Pecan<\/b><\/p>\n<p align=\"center\">Caramel Cake embedded with chopped browned butter pecans filled and topped with a browned butter pecan caramel buttercream and crushed pecans<\/p>\n<p align=\"center\"><b>Brownie Cheese Cake Overload\u00a0<\/b><\/p>\n<p align=\"center\">Brownie cupcake with our classic New York style cheesecake baked into the center topped with cream cheese frosting and brownie pieces (Available in Regular Size Only)<\/p>\n<p align=\"center\"><b>Red Velvet Cheese Cake Obsession\u00a0<\/b><\/p>\n<p align=\"center\">Our authentic red velvet cupcake with our classic New York style cheesecake baked into the center topped with cream cheese frosting and red velvet crumbs (Available in Regular Size Only)<\/p>\n<p align=\"center\"><b>Apple Pie<\/b><\/p>\n<p align=\"center\">Fresh vanilla infused apples sandwiched in between Apple cinnamon cake and topped with sweet cream cheese frosting, a dusting of cinnamon, and garnished with a piece of pie crust (Available in Regular Size Only)<\/p>\n<p align=\"center\"><b>Boston Cream \u201cPie\u201d<\/b><\/p>\n<p align=\"center\">Moist French vanilla kissed cake filled with vanilla cream custard topped with vanilla buttercream and dipped in chocolate<\/p>\n<p align=\"center\"><b>Black Forest<\/b><\/p>\n<p align=\"center\">Chocolate cake filled with fresh cherry filling and topped with chocolate buttercream and with a bed of fresh cherries in the center (Available in Regular Size Only)<\/p>\n<p style=\"text-align: center;\"><b><strong><span style=\"color: #ffcc00;\"><em>Signature<\/em><\/span>\u00a0<\/strong>SEASONAL CUPCAKE\/CAKE FLAVORS<\/b><\/p>\n<p align=\"center\"><b>Pumpkin Spice (October &#8211; December)<\/b><\/p>\n<p align=\"center\">Moist pumpkin cake infused with our signature spices and topped with brown sugar cream cheese frosting and caramel drizzle<\/p>\n<p align=\"center\"><b>Eggnog (November &#8211; December)<\/b><\/p>\n<p align=\"center\">Moist Eggnog infused cake topped with Eggnog cream cheese frosting and a dusting of cinnamon<\/p>\n<p align=\"center\"><b>Hot Chocolate (October &#8211; December)<\/b><\/p>\n<p align=\"center\">Moist chocolate cake filled and topped with marshmallow frosting and garnished with a candy cane or marshmallows<\/p>\n<p align=\"center\"><b>Gingerbread \u2013 (December)<\/b><\/p>\n<p align=\"center\">Moist gingerbread cake filled with smooth caramel and topped with sweet cream cheese frosting and a dusting of cinnamon<\/p>\n<p><a href=\"http:\/\/chanellesheavenlytreasures.com\/chtwp\/wp-content\/uploads\/2013\/04\/IMG_3979_2.jpg\"><img loading=\"lazy\" decoding=\"async\" class=\"alignnone size-medium wp-image-140 aligncenter\" alt=\"IMG_3979_2\" src=\"http:\/\/chanellesheavenlytreasures.com\/chtwp\/wp-content\/uploads\/2013\/04\/IMG_3979_2-300x182.jpg\" width=\"300\" height=\"182\" srcset=\"https:\/\/chanellesheavenlytreasures.com\/chtwp\/wp-content\/uploads\/2013\/04\/IMG_3979_2-300x182.jpg 300w, https:\/\/chanellesheavenlytreasures.com\/chtwp\/wp-content\/uploads\/2013\/04\/IMG_3979_2-1024x623.jpg 1024w\" sizes=\"auto, (max-width: 300px) 100vw, 300px\" \/><\/a><\/p>\n<p style=\"text-align: center;\">Pictured Flavors: Strawberry Short Cupcake (<a title=\"Throwbacks 2 Heavenly Comebacks Line\" href=\"http:\/\/chanellesheavenlytreasures.com\/chtwp\/throwback-2-heavenly-comebacks\" target=\"_blank\">Throwback 2 Heavenly Comeback Line<\/a>), Banana Pudding (<a title=\"Throwbacks 2 Heavenly Comebacks Line\" href=\"http:\/\/chanellesheavenlytreasures.com\/chtwp\/throwback-2-heavenly-comebacks\" target=\"_blank\">Throwback 2 Heavenly Comeback Line<\/a>),\u00a0Reese Peanut butter Cup (<a title=\"Candy Bar Cupcake Line\" href=\"http:\/\/chanellesheavenlytreasures.com\/chtwp\/ourheavenlydesserts\/cakecupcakes\/candy-bar-cupcakes\/\" target=\"_blank\">Candy Bar Cupcake Line<\/a>),\u00a0Chocolate Raspberry Surprise!,\u00a0French Vanilla,Cookies &amp; Cream (<a title=\"Throwback 2 Heavenly Comebacks Line\" href=\"http:\/\/chanellesheavenlytreasures.com\/chtwp\/throwback-2-heavenly-comebacks\" target=\"_blank\">Throwbacks 2 Heavenly Comebacks Line<\/a>), Snickers (<a title=\"Candy Bar Cupcake Line\" href=\"http:\/\/chanellesheavenlytreasures.com\/chtwp\/ourheavenlydesserts\/cakecupcakes\/candy-bar-cupcakes\/\" target=\"_blank\">Candy Bar Cupcake Line<\/a>), &amp; Lemon Drop <a title=\"Cocktail (liquor-infused)\" href=\"http:\/\/chanellesheavenlytreasures.com\/chtwp\/ourheavenlydesserts\/cocktail-liquo\u2026fused-desserts\/\" target=\"_blank\">Cocktail (liquor-infused)<\/a> Cupcakes<\/p>\n<p>***For \u00a0a complete listing of our treasured dessert menu please email us at info@chanellesheavenlytreasures.com***<\/p>\n","protected":false},"excerpt":{"rendered":"<p>Our one-of-a-kind from SCRATCH gourmet cupcakes will liven up any party and create a great conversation starter. These delectable, fluffy, individual servings of cake can either be standard size, minis, or Jumbo size. Just like our cake truffles, our selection of flavors from Premiere to Seasonal for these confections are unique and bold. Some of [&hellip;]<\/p>\n","protected":false},"author":1,"featured_media":0,"parent":4,"menu_order":0,"comment_status":"closed","ping_status":"closed","template":"","meta":{"jetpack_post_was_ever_published":false,"footnotes":""},"class_list":["post-108","page","type-page","status-publish","hentry"],"jetpack_shortlink":"https:\/\/wp.me\/P3rDYf-1K","jetpack_sharing_enabled":true,"jetpack_likes_enabled":true,"_links":{"self":[{"href":"https:\/\/chanellesheavenlytreasures.com\/chtwp\/wp-json\/wp\/v2\/pages\/108","targetHints":{"allow":["GET"]}}],"collection":[{"href":"https:\/\/chanellesheavenlytreasures.com\/chtwp\/wp-json\/wp\/v2\/pages"}],"about":[{"href":"https:\/\/chanellesheavenlytreasures.com\/chtwp\/wp-json\/wp\/v2\/types\/page"}],"author":[{"embeddable":true,"href":"https:\/\/chanellesheavenlytreasures.com\/chtwp\/wp-json\/wp\/v2\/users\/1"}],"replies":[{"embeddable":true,"href":"https:\/\/chanellesheavenlytreasures.com\/chtwp\/wp-json\/wp\/v2\/comments?post=108"}],"version-history":[{"count":18,"href":"https:\/\/chanellesheavenlytreasures.com\/chtwp\/wp-json\/wp\/v2\/pages\/108\/revisions"}],"predecessor-version":[{"id":803,"href":"https:\/\/chanellesheavenlytreasures.com\/chtwp\/wp-json\/wp\/v2\/pages\/108\/revisions\/803"}],"up":[{"embeddable":true,"href":"https:\/\/chanellesheavenlytreasures.com\/chtwp\/wp-json\/wp\/v2\/pages\/4"}],"wp:attachment":[{"href":"https:\/\/chanellesheavenlytreasures.com\/chtwp\/wp-json\/wp\/v2\/media?parent=108"}],"curies":[{"name":"wp","href":"https:\/\/api.w.org\/{rel}","templated":true}]}}